{"id":2,"date":"2025-09-02T15:29:53","date_gmt":"2025-09-02T13:29:53","guid":{"rendered":"https:\/\/www.labugagandesa.com\/?page_id=2"},"modified":"2025-09-02T15:29:53","modified_gmt":"2025-09-02T13:29:53","slug":"pagina-exemple","status":"publish","type":"page","link":"https:\/\/www.labugagandesa.com\/es\/pagina-exemple\/","title":{"rendered":"P\u00e0gina d&#8217;exemple"},"content":{"rendered":"<p>Aquest \u00e9s una p\u00e0gina d&#8217;exemple. \u00c9s diferent d&#8217;una entrada del blog perqu\u00e8 es mantindr\u00e0 en un lloc i apareixer\u00e0 a la navegaci\u00f3 del lloc (a la majoria de temes). Molta gent comen\u00e7a amb la p\u00e0gina \u00abQuant a\u00bb, que els presenta als potencials visitants del lloc web. Podria dir alguna cosa aix\u00ed:<\/p>\n\n\n\n<blockquote class=\"wp-block-quote is-layout-flow wp-block-quote-is-layout-flow\"><p>Hola! S\u00f3c un missatger amb bicicleta de dia, aspirant a actor de nit i aquesta \u00e9s la meva web. Visc a Los Angeles, tinc un gran gos de nom Pep i m&#8217;agrada la pinya colada. (I em pillar\u00e0 la pluja.)<\/p><\/blockquote>\n\n\n\n<p>&#8230; o alguna cosa aix\u00ed:<\/p>\n\n\n\n<blockquote class=\"wp-block-quote is-layout-flow wp-block-quote-is-layout-flow\"><p>La companyia Aparells XYZ es va crear el 1971, i ha estat proporcionant aparells de qualitat al p\u00fablic des de llavors. Ubicada a Gotham City, XYZ d\u00f3na treball a m\u00e9s de 2.000 persones i fa tota mena d&#8217;accions meravelloses per a la comunitat de Gotham.<\/p><\/blockquote>\n\n\n\n<p>Com a usuari nou del WordPress, haur\u00edeu d&#8217;anar al <a href=\"https:\/\/www.labugagandesa.com\/wp-admin\/\">tauler<\/a> per a suprimir aquesta p\u00e0gina i crear p\u00e0gines noves de contingut. Divertiu-vos!<\/p>","protected":false},"excerpt":{"rendered":"<p>Aquest \u00e9s una p\u00e0gina d&#8217;exemple. \u00c9s diferent d&#8217;una entrada del blog perqu\u00e8 es mantindr\u00e0 en un lloc i apareixer\u00e0 a la navegaci\u00f3 del lloc (a la majoria de temes). Molta gent comen\u00e7a amb la p\u00e0gina \u00abQuant a\u00bb, que els presenta als potencials visitants del lloc web. Podria dir alguna cosa aix\u00ed: Hola! S\u00f3c un missatger [&hellip;]<\/p>","protected":false},"author":1,"featured_media":0,"parent":0,"menu_order":0,"comment_status":"closed","ping_status":"open","template":"","meta":{"_et_pb_use_builder":"","_et_pb_old_content":"","_et_gb_content_width":"","footnotes":""},"class_list":["post-2","page","type-page","status-publish","hentry"],"yoast_head":"<!-- This site is optimized with the Yoast SEO plugin v25.8 - https:\/\/yoast.com\/wordpress\/plugins\/seo\/ -->\n<title>P\u00e0gina d&#039;exemple - Labuga Gandesa<\/title>\n<meta name=\"robots\" content=\"noindex, follow, max-snippet:-1, max-image-preview:large, max-video-preview:-1\" \/>\n<meta property=\"og:locale\" content=\"es_ES\" \/>\n<meta property=\"og:type\" content=\"article\" \/>\n<meta property=\"og:title\" content=\"P\u00e0gina d&#039;exemple - Labuga Gandesa\" \/>\n<meta property=\"og:description\" content=\"Aquest \u00e9s una p\u00e0gina d&#8217;exemple. \u00c9s diferent d&#8217;una entrada del blog perqu\u00e8 es mantindr\u00e0 en un lloc i apareixer\u00e0 a la navegaci\u00f3 del lloc (a la majoria de temes). Molta gent comen\u00e7a amb la p\u00e0gina \u00abQuant a\u00bb, que els presenta als potencials visitants del lloc web. Podria dir alguna cosa aix\u00ed: Hola! S\u00f3c un missatger [&hellip;]\" \/>\n<meta property=\"og:url\" content=\"https:\/\/www.labugagandesa.com\/es\/pagina-exemple\/\" \/>\n<meta property=\"og:site_name\" content=\"Labuga Gandesa\" \/>\n<meta name=\"twitter:card\" content=\"summary_large_image\" \/>\n<meta name=\"twitter:label1\" content=\"Tiempo de lectura\" \/>\n\t<meta name=\"twitter:data1\" content=\"1 minuto\" \/>\n<script type=\"application\/ld+json\" class=\"yoast-schema-graph\">{\"@context\":\"https:\/\/schema.org\",\"@graph\":[{\"@type\":\"WebPage\",\"@id\":\"https:\/\/www.labugagandesa.com\/pagina-exemple\/\",\"url\":\"https:\/\/www.labugagandesa.com\/pagina-exemple\/\",\"name\":\"P\u00e0gina d'exemple - Labuga Gandesa\",\"isPartOf\":{\"@id\":\"https:\/\/www.labugagandesa.com\/#website\"},\"datePublished\":\"2025-09-02T13:29:53+00:00\",\"breadcrumb\":{\"@id\":\"https:\/\/www.labugagandesa.com\/pagina-exemple\/#breadcrumb\"},\"inLanguage\":\"es\",\"potentialAction\":[{\"@type\":\"ReadAction\",\"target\":[\"https:\/\/www.labugagandesa.com\/pagina-exemple\/\"]}]},{\"@type\":\"BreadcrumbList\",\"@id\":\"https:\/\/www.labugagandesa.com\/pagina-exemple\/#breadcrumb\",\"itemListElement\":[{\"@type\":\"ListItem\",\"position\":1,\"name\":\"Inici\",\"item\":\"https:\/\/www.labugagandesa.com\/\"},{\"@type\":\"ListItem\",\"position\":2,\"name\":\"P\u00e0gina d&#8217;exemple\"}]},{\"@type\":\"WebSite\",\"@id\":\"https:\/\/www.labugagandesa.com\/#website\",\"url\":\"https:\/\/www.labugagandesa.com\/\",\"name\":\"Labuga Gandesa\",\"description\":\"La Bugaderia de la Terra Alta\",\"potentialAction\":[{\"@type\":\"SearchAction\",\"target\":{\"@type\":\"EntryPoint\",\"urlTemplate\":\"https:\/\/www.labugagandesa.com\/?s={search_term_string}\"},\"query-input\":{\"@type\":\"PropertyValueSpecification\",\"valueRequired\":true,\"valueName\":\"search_term_string\"}}],\"inLanguage\":\"es\"}]}<\/script>\n<!-- \/ Yoast SEO plugin. -->","yoast_head_json":{"title":"P\u00e0gina d'exemple - Labuga Gandesa","robots":{"index":"noindex","follow":"follow","max-snippet":"max-snippet:-1","max-image-preview":"max-image-preview:large","max-video-preview":"max-video-preview:-1"},"og_locale":"es_ES","og_type":"article","og_title":"P\u00e0gina d'exemple - Labuga Gandesa","og_description":"Aquest \u00e9s una p\u00e0gina d&#8217;exemple. \u00c9s diferent d&#8217;una entrada del blog perqu\u00e8 es mantindr\u00e0 en un lloc i apareixer\u00e0 a la navegaci\u00f3 del lloc (a la majoria de temes). Molta gent comen\u00e7a amb la p\u00e0gina \u00abQuant a\u00bb, que els presenta als potencials visitants del lloc web. Podria dir alguna cosa aix\u00ed: Hola! S\u00f3c un missatger [&hellip;]","og_url":"https:\/\/www.labugagandesa.com\/es\/pagina-exemple\/","og_site_name":"Labuga Gandesa","twitter_card":"summary_large_image","twitter_misc":{"Tiempo de lectura":"1 minuto"},"schema":{"@context":"https:\/\/schema.org","@graph":[{"@type":"WebPage","@id":"https:\/\/www.labugagandesa.com\/pagina-exemple\/","url":"https:\/\/www.labugagandesa.com\/pagina-exemple\/","name":"P\u00e0gina d'exemple - Labuga Gandesa","isPartOf":{"@id":"https:\/\/www.labugagandesa.com\/#website"},"datePublished":"2025-09-02T13:29:53+00:00","breadcrumb":{"@id":"https:\/\/www.labugagandesa.com\/pagina-exemple\/#breadcrumb"},"inLanguage":"es","potentialAction":[{"@type":"ReadAction","target":["https:\/\/www.labugagandesa.com\/pagina-exemple\/"]}]},{"@type":"BreadcrumbList","@id":"https:\/\/www.labugagandesa.com\/pagina-exemple\/#breadcrumb","itemListElement":[{"@type":"ListItem","position":1,"name":"Inici","item":"https:\/\/www.labugagandesa.com\/"},{"@type":"ListItem","position":2,"name":"P\u00e0gina d&#8217;exemple"}]},{"@type":"WebSite","@id":"https:\/\/www.labugagandesa.com\/#website","url":"https:\/\/www.labugagandesa.com\/","name":"Labuga Gandesa","description":"La Bugaderia de la Terra Alta","potentialAction":[{"@type":"SearchAction","target":{"@type":"EntryPoint","urlTemplate":"https:\/\/www.labugagandesa.com\/?s={search_term_string}"},"query-input":{"@type":"PropertyValueSpecification","valueRequired":true,"valueName":"search_term_string"}}],"inLanguage":"es"}]}},"_links":{"self":[{"href":"https:\/\/www.labugagandesa.com\/es\/wp-json\/wp\/v2\/pages\/2","targetHints":{"allow":["GET"]}}],"collection":[{"href":"https:\/\/www.labugagandesa.com\/es\/wp-json\/wp\/v2\/pages"}],"about":[{"href":"https:\/\/www.labugagandesa.com\/es\/wp-json\/wp\/v2\/types\/page"}],"author":[{"embeddable":true,"href":"https:\/\/www.labugagandesa.com\/es\/wp-json\/wp\/v2\/users\/1"}],"replies":[{"embeddable":true,"href":"https:\/\/www.labugagandesa.com\/es\/wp-json\/wp\/v2\/comments?post=2"}],"version-history":[{"count":0,"href":"https:\/\/www.labugagandesa.com\/es\/wp-json\/wp\/v2\/pages\/2\/revisions"}],"wp:attachment":[{"href":"https:\/\/www.labugagandesa.com\/es\/wp-json\/wp\/v2\/media?parent=2"}],"curies":[{"name":"wp","href":"https:\/\/api.w.org\/{rel}","templated":true}]}}